{"id":177,"date":"2024-06-07T10:32:35","date_gmt":"2024-06-07T08:32:35","guid":{"rendered":"https:\/\/isynet.it\/wordpress_scuole2\/?page_id=177"},"modified":"2024-06-07T10:32:35","modified_gmt":"2024-06-07T08:32:35","slug":"note-legali","status":"publish","type":"page","link":"https:\/\/isynet.it\/wordpress_scuole2\/index.php\/note-legali\/","title":{"rendered":"Note Legali"},"content":{"rendered":"<h3 class=\"wp-block-heading\"><strong>Premessa<\/strong><\/h3>\n<p>L\u2019Istituzione scolastica ha realizzato il Sito con l\u2019obiettivo di pubblicare e rendere accessibili a Pubbliche Amministrazioni, imprese e cittadini dati e documenti relativi a struttura organizzativa, attivit\u00e0 e provvedimenti.<\/p>\n<p>Nella presente pagina sono riportate le note legali relative all\u2019utilizzo del Sito.<\/p>\n<p>Il presente documento potr\u00e0 essere modificato in qualsiasi momento e senza preavviso; l\u2019utente \u00e8 pertanto invitato a prendere regolarmente visione dell\u2019ultima versione aggiornata delle stesse, disponibile e permanentemente accessibile da qualunque pagina del sito, cliccando sul collegamento \u201cNote Legali\u201d.<\/p>\n<div>\n<h3 data-element=\"legal-notes-section\">Licenza dei contenuti<\/h3>\n<p data-element=\"legal-notes-body\">In applicazione del principio open by default ai sensi dell\u2019articolo 52 del decreto legislativo 7 marzo 2005, n. 82 (CAD) e salvo dove diversamente specificato (compresi i contenuti incorporati di terzi), i dati, i documenti e le informazioni pubblicati sul sito sono rilasciati con\u00a0l<a href=\"https:\/\/creativecommons.org\/licenses\/by\/4.0\/legalcode.it\">icenza CC-BY 4.0<\/a>. Gli utenti sono quindi liberi di condividere (riprodurre, distribuire, comunicare al pubblico, esporre in pubblico), rappresentare, eseguire e recitare questo materiale con qualsiasi mezzo e formato e modificare (trasformare il materiale e utilizzarlo per opere derivate) per qualsiasi fine, anche commerciale con il solo onere di attribuzione, senza apporre restrizioni aggiuntive.<\/p>\n<\/div>\n<p>&nbsp;<\/p>\n<h3 class=\"wp-block-heading\"><strong>Copyright<\/strong><\/h3>\n<p>La visualizzazione, il download e qualunque utilizzo dei dati pubblicati sul Sito comporta l\u2019accettazione delle presenti note legali e delle condizioni della licenza con cui sono pubblicati.<\/p>\n<p>In applicazione del principio open by default ai sensi dell\u2019articolo 52 del decreto legislativo 7 marzo 2005, n. 82 (CAD) e salvo dove diversamente specificato (compresi i contenuti incorporati di terzi), i dati, i documenti e le informazioni pubblicati sul sito sono rilasciati con licenza CC-BY 4.0. Gli utenti sono quindi liberi di condividere (riprodurre, distribuire, comunicare al pubblico, esporre in pubblico), rappresentare, eseguire e recitare questo materiale con qualsiasi mezzo e formato e modificare (trasformare il materiale e utilizzarlo per opere derivate) per qualsiasi fine, anche commerciale con il solo onere di attribuzione, senza apporre restrizioni aggiuntive.<\/p>\n<p>Salvo ove diversamente indicato, i dati pubblicati sul Sito sono messi a disposizione con licenza CC-BY 4.0, il cui testo integrale \u00e8 disponibile al seguente indirizzo:\u00a0<a href=\"http:\/\/creativecommons.org\/licenses\/by\/4.0\/it\/legalcode\" target=\"_blank\" rel=\"noreferrer noopener\">http:\/\/creativecommons.org\/licenses\/by\/4.0\/it\/legalcode<\/a>\u00a0Questo significa che, ove non diversamente specificato, i contenuti del Sito sono liberamente distribuibili e riutilizzabili, a patto che sia sempre citata la fonte e, ove possibile, riportato l\u2019indirizzo web della pagina originale.<\/p>\n<p>&nbsp;<\/p>\n<h3 class=\"wp-block-heading\"><strong>Utilizzo del sito e download<\/strong><\/h3>\n<p>L\u2019Istituzione scolastica si impegna costantemente per assicurare la qualita delle informazioni pubblicate sul Sito, nonch\u00e9 la loro integrit\u00e0, aggiornamento, completezza, tempestivit\u00e0, semplicit\u00e0 di consultazione e accessibilit\u00e0.<\/p>\n<p>Per qualunque segnalazione o suggerimento \u00e8 possibile scrivere all\u2019indirizzo mail dell\u2019Istituzione scolastica.<\/p>\n<p>In nessun caso l\u2019Istituzione scolastica pu\u00f2 essere ritenuta responsabile dei danni di qualsiasi natura causati direttamente o indirettamente dall\u2019accesso al Sito, dall\u2019incapacit\u00e0 o impossibilit\u00e0 di accedervi.<\/p>\n<p>L\u2019Istituzione scolastica non assume alcuna responsabilit\u00e0 per eventuali errori od omissioni di qualsiasi tipo e per qualunque tipo di danno diretto, indiretto o accidentale derivante dalla lettura o dall\u2019impiego delle informazioni pubblicate, o di qualsiasi forma di contenuto presente nel Sito. La presente clausola di esclusione di responsabilit\u00e0 non ha lo scopo di eludere il rispetto di requisiti prescritti dalla legislazione nazionale vigente, n\u00e9 di escludere la responsabilit\u00e0 nei casi per i quali essa sussiste ai sensi della stessa legislazione.<\/p>\n<p>I documenti presenti sul Sito per lo scaricamento (download), quali ad esempio documentazione tecnica e documentazione normativa, salvo diversa indicazione, sono liberamente e gratuitamente disponibili, in caso contrario viene prodotto un avviso come premessa nell\u2019uso degli stessi.<\/p>\n<h3 class=\"wp-block-heading\"><strong>Accesso a siti esterni collegati<\/strong><\/h3>\n<p>I collegamenti a siti esterni indicati nel Sito sono forniti come semplice servizio agli utenti, con esclusione di ogni responsabilit\u00e0 sulla correttezza e sulla completezza dell\u2019insieme dei collegamenti indicati.<\/p>\n<p>L\u2019indicazione dei collegamenti non implica da parte del MiC alcun tipo di approvazione o condivisione di responsabilit\u00e0 in relazione alla legittimit\u00e0, alla completezza e alla correttezza delle informazioni contenute nei siti indicati.<\/p>\n<h3 class=\"wp-block-heading\"><strong>Privacy<\/strong><\/h3>\n<p>La privacy degli utenti \u00e8 molto importante. Per questo motivo \u00e8 stata predisposta un\u2019apposita Informativa Privacy che l\u2019utente, utilizzando il Sito, accetta.<\/p>\n","protected":false},"excerpt":{"rendered":"<p>Premessa L\u2019Istituzione scolastica ha realizzato il Sito con l\u2019obiettivo di pubblicare e rendere accessibili a Pubbliche Amministrazioni, imprese e cittadini dati e documenti relativi a struttura organizzativa, attivit\u00e0 e provvedimenti. Nella presente pagina sono riportate le [&hellip;]<\/p>\n","protected":false},"author":1,"featured_media":0,"parent":0,"menu_order":0,"comment_status":"closed","ping_status":"closed","template":"","meta":{"footnotes":""},"tags":[],"class_list":["post-177","page","type-page","status-publish","hentry"],"_links":{"self":[{"href":"https:\/\/isynet.it\/wordpress_scuole2\/index.php\/wp-json\/wp\/v2\/pages\/177"}],"collection":[{"href":"https:\/\/isynet.it\/wordpress_scuole2\/index.php\/wp-json\/wp\/v2\/pages"}],"about":[{"href":"https:\/\/isynet.it\/wordpress_scuole2\/index.php\/wp-json\/wp\/v2\/types\/page"}],"author":[{"embeddable":true,"href":"https:\/\/isynet.it\/wordpress_scuole2\/index.php\/wp-json\/wp\/v2\/users\/1"}],"replies":[{"embeddable":true,"href":"https:\/\/isynet.it\/wordpress_scuole2\/index.php\/wp-json\/wp\/v2\/comments?post=177"}],"version-history":[{"count":1,"href":"https:\/\/isynet.it\/wordpress_scuole2\/index.php\/wp-json\/wp\/v2\/pages\/177\/revisions"}],"predecessor-version":[{"id":178,"href":"https:\/\/isynet.it\/wordpress_scuole2\/index.php\/wp-json\/wp\/v2\/pages\/177\/revisions\/178"}],"wp:attachment":[{"href":"https:\/\/isynet.it\/wordpress_scuole2\/index.php\/wp-json\/wp\/v2\/media?parent=177"}],"wp:term":[{"taxonomy":"post_tag","embeddable":true,"href":"https:\/\/isynet.it\/wordpress_scuole2\/index.php\/wp-json\/wp\/v2\/tags?post=177"}],"curies":[{"name":"wp","href":"https:\/\/api.w.org\/{rel}","templated":true}]}}