{"id":181,"date":"2024-06-07T10:34:03","date_gmt":"2024-06-07T08:34:03","guid":{"rendered":"https:\/\/isynet.it\/wordpress_scuole2\/?page_id=181"},"modified":"2024-06-07T10:34:03","modified_gmt":"2024-06-07T08:34:03","slug":"privacy-policy-2","status":"publish","type":"page","link":"https:\/\/isynet.it\/wordpress_scuole2\/index.php\/privacy-policy-2\/","title":{"rendered":"Privacy Policy"},"content":{"rendered":"<p><strong>Informativa ai sensi dell\u2019articolo 13 Regolamento (UE) 2016\/679 (\u201cGDPR\u201d)<\/strong><\/p>\n<p><strong>PRIVACY POLICY SITO WEB\u00a0<\/strong><\/p>\n<h4>1) PREMESSA<\/h4>\n<p>Il Sito Web \u00e8 stato impostato al fine di tutelare: il diritto di protezione dati, l\u2019accesso, il controllo da parte dell\u2019interessato, la trasparenza e l\u2019interoperabilit\u00e0.<\/p>\n<p>Le impostazioni prevedono:<\/p>\n<ol>\n<li>Accessibilit\u00e0: in riferimento ai dati del sito web, agli indirizzi di posta elettronica, alle altre indicazioni di contatto e alla ricerca facile;<\/li>\n<li>Comunicazione semplificata: disponibilit\u00e0 di modulistica on line per il pubblico (ACCESSIBILITA\u2019\u2013&gt;Modulo di contatto);<\/li>\n<li>Aggiornamento\/modifica dei dati da parte degli stessi interessati nelle aree riservate ai docenti.<\/li>\n<\/ol>\n<h4>2) CHI E\u2019 IL TITOLARE DEL TRATTAMENTO E DATI DI CONTATTO<\/h4>\n<p>L\u2019IISS Del Prete-Falcone ha provveduto alla nomina del Responsabile Protezione Dati (RPD) (ART. 37, PAR. 7, RGPD REGOLAMENTO UE 2016\/679):<\/p>\n<div class=\"table-responsive\">\n<div class=\"table-responsive\"><table class=\"table  table-striped table-bordered table-hover\"  class=\"table  table-striped table-bordered table-hover\">\n<tbody>\n<tr>\n<td><strong>\u00a0Tipo di designazione del\u00a0<\/strong><strong>responsabile\u00a0<\/strong>&nbsp;<\/p>\n<p><strong>della protezione\u00a0<\/strong><strong>dei dati:<\/strong><\/td>\n<td>Esterno<\/td>\n<\/tr>\n<tr>\n<td><strong>\u00a0Il responsabile della protezione dei dati:<\/strong><\/td>\n<td>Societ\u00e0<\/td>\n<\/tr>\n<tr>\n<td><strong>Dati del Responsabile della\u00a0<\/strong>&nbsp;<\/p>\n<p><strong>Protezione dei Dati (DPR):<\/strong><\/td>\n<td>Denominazione: EDU CONSULTING SRL&nbsp;<\/p>\n<p>P.IVA: 15050081007<\/p>\n<p>Provincia: Roma<\/p>\n<p>Comune: Roma<\/p>\n<p>CAP: 00187<\/p>\n<p>Indirizzo: VIA XX SETTEMBRE, 118<\/p>\n<p>Telefono: 06-87153238<\/p>\n<p>E-mail:\u00a0<span id=\"cloak80414d6a1f7d433f1f7010cbd5786b1a\"><a href=\"mailto:richieste@educonsulting.it\">richieste@educonsulting.it<\/a><\/span><\/p>\n<p>PEC:\u00a0<span id=\"cloakb9536751296b82b4af9ca005ccad02bd\"><a href=\"mailto:educonsulting@pec.it\">educonsulting@pec.it<\/a><\/span><\/td>\n<\/tr>\n<tr>\n<td><strong>Soggetto individuato quale referente<\/strong>&nbsp;<\/p>\n<p><strong>per il Titolare\/Responsabile:<\/strong><\/td>\n<td>Cognome: LEZZI&nbsp;<\/p>\n<p>Nome: ALESSANDRA<\/p>\n<p><em>Dati di contatto:<\/em><\/p>\n<p>Telefono: 06-87153238<\/p>\n<p>Cellulare: 3384600279<\/p>\n<p>E-mail:\u00a0<span id=\"cloak64d8e4ddcf9ed7380aa9407ca0b71be1\"><a href=\"mailto:gdpr@educonsulting.it\">gdpr@educonsulting.it<\/a><\/span><\/p>\n<p>PEC:\u00a0<span id=\"cloak3e4f339f72e8cd21fd8396b2f9544f2c\"><a href=\"mailto:educonsulting@pec.it\">educonsulting@pec.it<\/a><\/span><\/td>\n<\/tr>\n<\/tbody>\n<\/table><\/div>\n<\/div>\n<h4>3) QUALI DATI PERSONALI SONO TRATTATI<\/h4>\n<p><em>L\u2019interessato (data subject) \u00e8 la\u00a0<\/em><strong><em>persona fisica<\/em><\/strong><em>\u00a0alla quale si riferiscono i dati trattati. L\u2019interessato \u00e8 quindi il soggetto \u201cproprietario\u201d dei dati personali e su questi conserva dei diritti nei confronti del titolare del trattamento.\u00a0<\/em>(C26, C27, C30).<\/p>\n<p>La categoria interessata per il trattamento dei dati \u00e8 il personale docente che tramite credenziali accede alla parte privata del sito web.<\/p>\n<h4>4) FINALITA\u2019 DEL TRATTAMENTO E BASE GIURIDICA<\/h4>\n<p>I trattamenti dei dati personali richiesti, all\u2019interessato tramite il sito ufficiale, sono effettuati ai sensi dell\u2019art. 6 lettera e) del regolamento UE 2016\/679, per le seguenti finalit\u00e0:<\/p>\n<p>1) applicazione delle misure di sicurezza degli ambienti di lavoro secondo le disposizioni previste dal D.Lgs. 81\/2008;<\/p>\n<p>2) gestione dell\u2019offerta formativa e dell\u2019assegnazione degli incarichi;<\/p>\n<p>3) gestione della struttura organizzativa, dell\u2019anagrafica del personale e registrazione degli eventi di carriera (giuridico);<\/p>\n<p>cos\u00ec come definite dalla normativa vigente (R.D. n. 653\/1925, D.Lgs. n. 297\/1994, D.P.R. n. 275\/1999; Decreto Interministeriale 1 febbraio 2001, n. 44 e le norme in materia di contabilit\u00e0 generale dello Stato; Legge n. 104\/1992, Legge n. 53\/2003, D.Lgs. n. 165\/2001, Dlgs 196\/2003 e Regolamento Europeo 2016\/679, D.M 305\/2006; Dlgs 76\/05; Dlgs 77\/05; Dlgs 226\/05; Dlgs 82\/2005, D.Lgs. n. 151\/2001, i Contratti Collettivi di Lavoro Nazionali ed Integrativi stipulati ai sensi delle norme vigenti; D.P.C.M. 23 febbraio 2006 n. 185 fatto salvo quanto disposto dal Dlgs 66\/2017; D.P.R. 20 marzo 2009,n.89; Legge 170 dell\u20198.10.2010; D.M. n. 5669 12 luglio 2011; DPR 28 marzo 2013 n.80, Dlgs 33\/2013, DL 12 settembre 2013, n.104, convertito, con modificazioni, dalla\u00a0<a href=\"http:\/\/bd01.leggiditalia.it\/cgi-bin\/FulShow?TIPO=5&amp;NOTXT=1&amp;KEY=01LX0000791694\">Legge 8 novembre 2013, n. 128<\/a>, Legge 13 luglio 2015 n. 107, Dlgs 50\/2016, Dlgs 56\/2017 e relativi decreti applicativi, linee guida e tutta la normativa richiamata e collegata alle citate disposizioni.<\/p>\n<p><strong>4.a NAVIGAZIONE DEL SITO\u00a0<\/strong><\/p>\n<p>Al fine di garantire un maggior livello di sicurezza della gestione delle identit\u00e0 digitali e dell\u2019autorizzazione nell\u2019accesso ai servizi, \u00e8 ormai assunto come riferimento un modello basato su nodi che possono implementare i seguenti ruoli:<\/p>\n<p>\u2013\u00a0<strong>Identity Provider (IdP)<\/strong>: gestore delle identit\u00e0 digitali degli utenti:<\/p>\n<ul>\n<li aria-level=\"1\">supporta la registrazione e gestione delle informazioni ad esse associate nonch\u00e9 delle credenziali di accesso<\/li>\n<li aria-level=\"1\">rende disponibile servizi di autenticazione.<\/li>\n<\/ul>\n<p>\u2013\u00a0<strong>Service Provider (SP)<\/strong>: erogatore di servizi ad utenti autenticati ed opportunamente profilati.<\/p>\n<p>\u2013\u00a0<strong>SPID\u00a0<\/strong>(Sistema Pubblico di Identit\u00e0 Digitale) https:\/\/www.spid.gov.it\/: permette di accedere a tutti i servizi online della Pubblica Amministrazione: utilizzando Identit\u00e0 Digitali gestite da un ristretto set di IdP certificati o mediante credenziali (es. username, password, OTP) caratterizzate da un Level of Assurance adeguato al livello di sicurezza richiesto dal SP.<\/p>\n<p>Il sito \u00e8 conforme alle indicazioni fornite dal Garante della Privacy con provvedimento n. 229 dell\u00b48 maggio 2014 contenente la \u201c<strong>Individuazione delle modalit\u00e0 semplificate per l\u2019informativa e l\u2019acquisizione del consenso per l\u2019uso dei cookie \u2013 8 maggio 2014\u201d\u00a0<\/strong><em>(Pubblicato sulla Gazzetta Ufficiale n. 126 del 3 giugno 2014)<\/em>. (<strong>\u00a0se presente)<\/strong><\/p>\n<p>Nel momento in cui si accede alla home page (o ad altra pagina) del sito web, immediatamente compare in primo piano un banner con il quale si richiede esplicitamente il consenso all\u2019utilizzo dei cookie. Il banner contiene un pulsante per accettare i cookie che scompare solo dopo che si sia premuto tale pulsante.<\/p>\n<p><strong>4.b. REGISTRAZIONE AL SITO<\/strong><\/p>\n<p>In ogni anno scolastico, su richiesta dei singoli docenti, il web master crea per ognuno di loro le credenziali d\u2019accesso alla sezione privata del sito che ha funzioni meramente informative.<\/p>\n<h4>5) CON QUALE MODALITA\u2019 SARANNO TRATTATI I SUOI DATI<\/h4>\n<p>Il trattamento dei Suoi dati personali \u00e8 realizzato per mezzo delle operazioni indicate all\u2019art. 4 n. 2) GDPR e precisamente: raccolta, registrazione, organizzazione, conservazione, consultazione, elaborazione, modificazione, selezione, estrazione, raffronto, utilizzo, interconnessione, blocco, comunicazione, cancellazione e distruzione dei dati:<\/p>\n<ol>\n<li>Senza il consenso espresso ai sensi dell\u2019art. 6 lett. e) GDPR) per le Finalit\u00e0 Istituzionali<\/li>\n<li>Il trattamento sar\u00e0 effettuato sia con strumenti elettronici, nel rispetto delle misure di sicurezza individuate ai sensi del Regolamento; i dati verranno conservati secondo le indicazioni delle Regole tecniche in materia di conservazione digitale degli atti definite da AGID e nei tempi e nei modi indicati dalle Linee Guida per le Istituzioni scolastiche e dai Piani di conservazione e scarto degli archivi scolastici definiti dalla Direzione Generale degli Archivi presso il Ministero dei Beni Culturali (D.P.R. 28 dicembre 2000, n. 445 TUDA; Codice dell\u2019amministrazione digitale CAD).<\/li>\n<\/ol>\n<p>Il Titolare tratter\u00e0 i dati personali per il tempo necessario per adempiere alle finalit\u00e0 di cui sopra e comunque per non oltre 10 anni dalla cessazione del rapporto per le Finalit\u00e0 di Servizio<\/p>\n<p>I tempi di conservazione sia cartacei che telematici sono stabiliti dalla normativa di riferimento per le Istituzioni scolastiche in materia di Archivistica ovvero DPR 445\/2000; Decreto Legislativo 22 gennaio 2004 n. 42 Codice dei beni culturali e del paesaggio, ai sensi dell\u2019articolo 10 della legge 6 luglio 2002, n. 137 (G.U. n. 45 del 24 febbraio 2004, s.o. n. 28).<\/p>\n<h4>6) A QUALI SOGGETTI POTRANNO ESSERE COMUNICATI I SUOI DATI PERSONALI E CHI PUO\u2019 VENIRNE A CONOSCENZA<\/h4>\n<p>I dati personali potranno essere comunicati a soggetti pubblici (quali, ad esempio, ASL, Comune, Provincia, Ufficio scolastico regionale, Ambiti Territoriali, organi di polizia giudiziaria, organi di polizia tributaria, guardia di finanza, magistratura) nei limiti di quanto previsto dalle vigenti disposizioni di legge e di regolamento e degli obblighi conseguenti per codesta istituzione scolastica.<\/p>\n<h4>7) TRASFERIMENTO DI DATI PERSONALI ALL\u2019ESTERNO DELL\u2019UNIONE EUROPEA<\/h4>\n<p>I dati personali sono conservati su server ubicati all\u2019interno dell\u2019Unione Europea o nei paesi extra UE per i quali la Commissione Europea ha emanato una decisione di adeguatezza.<\/p>\n<p>Resta in ogni caso inteso che il Titolare, ove si rendesse necessario, avr\u00e0 facolt\u00e0 di spostare i server anche extra-UE. In tal caso, il Titolare assicura sin d\u2019ora che il trasferimento dei dati extra-UE avverr\u00e0 in conformit\u00e0 alle disposizioni di legge applicabili, previa stipula delle clausole contrattuali standard previste dalla Commissione Europea.<\/p>\n<h4>8) QUALI DIRITTI LEI HA IN QUALITA\u2019 DI INTERESSATO<\/h4>\n<p>Nella Sua qualit\u00e0 di interessato, ha i diritti di cui all\u2019art. 15 del GDPR e precisamente i diritti di:<\/p>\n<ul>\n<li aria-level=\"1\"><strong>ottenere la conferma\u00a0<\/strong>dell\u2019esistenza o meno di dati personali che La riguardano, anche se non ancora registrati, e la loro comunicazione in forma intelligibile;<\/li>\n<li aria-level=\"1\">ottenere\u00a0<strong>l\u2019indicazione<\/strong>: a) dell\u2019origine dei dati personali; b) delle finalit\u00e0 e modalit\u00e0 del trattamento; c) della logica applicata in caso di trattamento effettuato con l\u2019ausilio di strumenti elettronici; d) degli estremi identificativi del titolare, dei responsabili e del rappresentante designato ai sensi dell\u2019art.art. 3, comma 1, GDPR; e) dei soggetti o delle categorie di soggetti ai quali i dati personali possono essere comunicati o che possono venirne a conoscenza in qualit\u00e0 di rappresentante designato nel territorio dello Stato, di responsabili o incaricati<\/li>\n<li aria-level=\"1\"><strong>ottenere<\/strong>: a) l\u2019aggiornamento, la rettificazione ovvero, quando vi ha interesse, l\u2019integrazione dei dati; b) la cancellazione, la trasformazione in forma anonima o il blocco dei dati trattati in violazione di legge, compresi quelli di cui non \u00e8 necessaria la conservazione in relazione agli scopi per i quali i dati sono stati raccolti o successivamente trattati; c) l\u2019attestazione che le operazioni di cui alle lettere a) e b) sono state portate a conoscenza, anche per quanto riguarda il loro contenuto, di coloro ai quali i dati sono stati comunicati o diffusi, eccettuato il caso in cui tale adempimento si rivela impossibile o comporta un impiego di mezzi manifestamente sproporzionato rispetto al diritto tutelato;<\/li>\n<\/ul>\n<ul>\n<li aria-level=\"1\"><strong>opporsi, in tutto o in parte<\/strong>: a) per motivi legittimi al trattamento dei dati personali che La riguardano, ancorch\u00e9 pertinenti allo scopo della raccolta; b) al trattamento di dati personali che La riguardano a fini di invio di materiale pubblicitario o di vendita diretta o per il compimento di ricerche di mercato o di comunicazione commerciale, mediante l\u2019uso di sistemi automatizzati di chiamata senza l\u2019intervento di un operatore mediante e-mail e\/o mediante modalit\u00e0 di marketing tradizionali mediante telefono e\/o posta cartacea.<\/li>\n<\/ul>\n<p>Si fa presente che il diritto di opposizione dell\u2019interessato, esposto al precedente punto b), per finalit\u00e0 di marketing diretto mediante modalit\u00e0 automatizzate si estende a quelle tradizionali e che comunque resta salva la possibilit\u00e0 per l\u2019interessato di esercitare il diritto di opposizione anche solo in parte.<\/p>\n<p>Pertanto, l\u2019interessato pu\u00f2 decidere di ricevere solo comunicazioni mediante modalit\u00e0 tradizionali ovvero solo comunicazioni automatizzate oppure nessuna delle due tipologie di comunicazione.<\/p>\n<p>Ove applicabili, ha altres\u00ec i diritti di cui\u00a0<strong>agli artt. 16-21 GDPR\u00a0<\/strong>(Diritto di rettifica, diritto all\u2019oblio, diritto di limitazione di trattamento, diritto alla portabilit\u00e0 dei dati, diritto di opposizione), nonch\u00e9 il diritto di reclamo all\u2019Autorit\u00e0 Garante.<\/p>\n<h4>9) COME PUO\u2019 ESERCITARE I SUOI DIRITTI<\/h4>\n<p>Nella Sua qualit\u00e0 di interessato potr\u00e0 in qualsiasi momento esercitare i diritti inviando richiesta a &lt;&lt;nome&gt;&gt;:<\/p>\n<ul>\n<li>\n<ul>\n<li aria-level=\"1\">Dirigenza ed Uffici amministrativi: Via Mazzini s.n., 74028,\u00a0 Sava (TA)<\/li>\n<li aria-level=\"1\">Tel. 0999746312<\/li>\n<li aria-level=\"1\">Mail:\u00a0<span id=\"cloak39f04fca765cee6965938613d23613e6\"><a href=\"mailto:tais04100v@istruzione.it\">tais04100v@istruzione.it<\/a><\/span>\u00a0\u2013 PEC:\u00a0<span id=\"cloak480318217dca71ac0e225a685c157be7\"><a href=\"mailto:tais04100v@pec.istruzione.it\">tais04100v@pec.istruzione.it<\/a><\/span><\/li>\n<\/ul>\n<\/li>\n<\/ul>\n<h4>10) Diritto alla cancellazione dei dati personali<\/h4>\n<p>Il docente registrato nel sito pu\u00f2 esercitare il diritto alla cancellazione in qualsiasi momento comunicando la sua volont\u00e0 al web master giovanni.buccoliero@gmail.com oppure utilizzando il\u00a0<strong>modulo di contatto:<\/strong><\/p>\n<div id=\"wpcf7-f1052-p3-o1\" class=\"wpcf7 js\" dir=\"ltr\" lang=\"it-IT\">\n<div class=\"screen-reader-response\">\n<p role=\"status\" aria-live=\"polite\" aria-atomic=\"true\">\n<\/div>\n<form class=\"wpcf7-form init\" action=\"https:\/\/www.delpretefalcone.edu.it\/privacy-policy\/#wpcf7-f1052-p3-o1\" method=\"post\" novalidate=\"novalidate\" aria-label=\"Modulo di contatto\" data-status=\"init\"><label>Il tuo nome<br \/>\n<span class=\"wpcf7-form-control-wrap\" data-name=\"your-name\"><input class=\"wpcf7-form-control wpcf7-text wpcf7-validates-as-required\" autocomplete=\"name\" name=\"your-name\" size=\"40\" type=\"text\" value=\"\" aria-required=\"true\" aria-invalid=\"false\" \/><\/span><\/label><\/p>\n<p><label>La tua email<br \/>\n<span class=\"wpcf7-form-control-wrap\" data-name=\"your-email\"><input class=\"wpcf7-form-control wpcf7-email wpcf7-validates-as-required wpcf7-text wpcf7-validates-as-email\" autocomplete=\"email\" name=\"your-email\" size=\"40\" type=\"email\" value=\"\" aria-required=\"true\" aria-invalid=\"false\" \/><\/span><\/label><\/p>\n<p><label>Oggetto<br \/>\n<span class=\"wpcf7-form-control-wrap\" data-name=\"your-subject\"><input class=\"wpcf7-form-control wpcf7-text wpcf7-validates-as-required\" name=\"your-subject\" size=\"40\" type=\"text\" value=\"\" aria-required=\"true\" aria-invalid=\"false\" \/><\/span><\/label><\/p>\n<p><label>Il tuo messaggio<br \/>\n<span class=\"wpcf7-form-control-wrap\" data-name=\"your-message\"><textarea class=\"wpcf7-form-control wpcf7-textarea\" cols=\"40\" name=\"your-message\" rows=\"10\" aria-invalid=\"false\"><\/textarea><\/span><\/label><\/p>\n<p><input class=\"wpcf7-form-control wpcf7-submit has-spinner\" type=\"submit\" value=\"Invia\" \/><\/p>\n<\/form>\n<\/div>\n<p>:<\/p>\n<p>&nbsp;<\/p>\n<div class=\"table-responsive\">\n<div class=\"table-responsive\"><table class=\"table  table-striped table-bordered table-hover\"  class=\"table  table-striped table-bordered table-hover\">\n<tbody>\n<tr>\n<td><strong>Firma Elettronica Avanzata<\/strong><\/td>\n<\/tr>\n<tr>\n<td><a href=\"https:\/\/www.delpretefalcone.edu.it\/wp-content\/uploads\/2023\/12\/Caratteristiche-del-sistema-di-firma-elettronica-avanzata.pdf\">Caratteristiche del sistema di firma elettronica avanzata<\/a><\/td>\n<\/tr>\n<tr>\n<td><a href=\"https:\/\/www.delpretefalcone.edu.it\/wp-content\/uploads\/2023\/12\/Specifiche-dispositivo-firma-elettronica-Wacom-STU-430.pdf\">Specifiche dispositivo firma elettronica \u2013 Wacom STU-430<\/a><\/td>\n<\/tr>\n<\/tbody>\n<\/table><\/div>\n<\/div>\n<p><strong>Documenti:\u00a0<\/strong><\/p>\n<ul>\n<li><a href=\"https:\/\/www.delpretefalcone.edu.it\/wp-content\/uploads\/2023\/12\/Comunicazione_Garante_RPD.pdf\">Comunicazione Garante RPD<\/a><\/li>\n<li>Informative aggiornate al regolamento europeo GDPR 2016\/679:<\/li>\n<\/ul>\n<p>\u2013\u00a0<a href=\"https:\/\/www.delpretefalcone.edu.it\/wp-content\/uploads\/2023\/12\/Informativa_a_studenti_e_famiglie_gdpr.pdf\">Informativa Genitori e alunni<\/a><\/p>\n<p>\u2013\u00a0<a href=\"https:\/\/www.delpretefalcone.edu.it\/wp-content\/uploads\/2023\/12\/Informativa_personale_gdpr.pdf\">Informativa Personale<\/a><\/p>\n<p>\u2013\u00a0<a href=\"https:\/\/www.delpretefalcone.edu.it\/wp-content\/uploads\/2023\/12\/Informativa_fornitori_gdpr.pdf\">Informativa Fornitori<\/a><\/p>\n<ul>\n<li><a href=\"https:\/\/www.delpretefalcone.edu.it\/wp-content\/uploads\/2023\/12\/GDPR_2018-pdf.pdf\">GDPR \u2013 A scuola di Privacy con il Regolamento UE 2016\/679<\/a><\/li>\n<li><a href=\"https:\/\/www.delpretefalcone.edu.it\/wp-content\/uploads\/2023\/12\/Codice-in-materia-di-protezione-dei-dati-personali-Testo-coordinato.pdf\">Codice in materia di protezione dei dati personali D.Lgs 196\/2003 e ss.mm.ii<\/a><\/li>\n<li>LINK ALLA GESTIONE OBLIO TELEMATICO \u2013 I MIEI DATI: I dati strettamente necessari per la creazione annuale delle credenziali d\u2019accesso alla sezione privata del sito vengono automaticamente cancellati ad inizio anno scolastico se il docente non \u00e8 pi\u00f9 in servizio nell\u2019Istituto.<\/li>\n<\/ul>\n","protected":false},"excerpt":{"rendered":"<p>Informativa ai sensi dell\u2019articolo 13 Regolamento (UE) 2016\/679 (\u201cGDPR\u201d) PRIVACY POLICY SITO WEB\u00a0 1) PREMESSA Il Sito Web \u00e8 stato impostato al fine di tutelare: il diritto di protezione dati, l\u2019accesso, il controllo da parte dell\u2019interessato, [&hellip;]<\/p>\n","protected":false},"author":1,"featured_media":0,"parent":0,"menu_order":0,"comment_status":"closed","ping_status":"closed","template":"","meta":{"footnotes":""},"tags":[],"class_list":["post-181","page","type-page","status-publish","hentry"],"_links":{"self":[{"href":"https:\/\/isynet.it\/wordpress_scuole2\/index.php\/wp-json\/wp\/v2\/pages\/181"}],"collection":[{"href":"https:\/\/isynet.it\/wordpress_scuole2\/index.php\/wp-json\/wp\/v2\/pages"}],"about":[{"href":"https:\/\/isynet.it\/wordpress_scuole2\/index.php\/wp-json\/wp\/v2\/types\/page"}],"author":[{"embeddable":true,"href":"https:\/\/isynet.it\/wordpress_scuole2\/index.php\/wp-json\/wp\/v2\/users\/1"}],"replies":[{"embeddable":true,"href":"https:\/\/isynet.it\/wordpress_scuole2\/index.php\/wp-json\/wp\/v2\/comments?post=181"}],"version-history":[{"count":1,"href":"https:\/\/isynet.it\/wordpress_scuole2\/index.php\/wp-json\/wp\/v2\/pages\/181\/revisions"}],"predecessor-version":[{"id":182,"href":"https:\/\/isynet.it\/wordpress_scuole2\/index.php\/wp-json\/wp\/v2\/pages\/181\/revisions\/182"}],"wp:attachment":[{"href":"https:\/\/isynet.it\/wordpress_scuole2\/index.php\/wp-json\/wp\/v2\/media?parent=181"}],"wp:term":[{"taxonomy":"post_tag","embeddable":true,"href":"https:\/\/isynet.it\/wordpress_scuole2\/index.php\/wp-json\/wp\/v2\/tags?post=181"}],"curies":[{"name":"wp","href":"https:\/\/api.w.org\/{rel}","templated":true}]}}